{"id":3383,"date":"2025-11-25T18:01:05","date_gmt":"2025-11-25T17:01:05","guid":{"rendered":"https:\/\/www.latorredehortaleza.org\/Blog\/?page_id=3383"},"modified":"2025-12-08T16:22:24","modified_gmt":"2025-12-08T15:22:24","slug":"dona","status":"publish","type":"page","link":"https:\/\/www.latorredehortaleza.org\/Blog\/?page_id=3383","title":{"rendered":"Dona"},"content":{"rendered":"\t\t<div data-elementor-type=\"wp-page\" data-elementor-id=\"3383\" class=\"elementor elementor-3383\" data-elementor-post-type=\"page\">\n\t\t\t\t<div class=\"elementor-element elementor-element-e695cab e-con-full e-flex e-con e-parent\" data-id=\"e695cab\" data-element_type=\"container\" data-settings=\"{&quot;background_background&quot;:&quot;classic&quot;}\">\n\t\t\t\t<div class=\"elementor-element elementor-element-00236fe elementor-widget elementor-widget-heading\" data-id=\"00236fe\" data-element_type=\"widget\" data-widget_type=\"heading.default\">\n\t\t\t\t\t<h2 class=\"elementor-heading-title elementor-size-default\">COLABORA<\/h2>\t\t\t\t<\/div>\n\t\t\t\t<\/div>\n\t\t<div class=\"elementor-element elementor-element-95ddc1e e-con-full e-flex e-con e-child\" data-id=\"95ddc1e\" data-element_type=\"container\" data-settings=\"{&quot;background_background&quot;:&quot;classic&quot;}\">\n\t\t\t\t<\/div>\n\t\t<div class=\"elementor-element elementor-element-7bfb50c e-flex e-con-boxed e-con e-parent\" data-id=\"7bfb50c\" data-element_type=\"container\" data-settings=\"{&quot;background_background&quot;:&quot;classic&quot;}\">\n\t\t\t\t\t<div class=\"e-con-inner\">\n\t\t\t\t<div class=\"elementor-element elementor-element-5597f63 elementor-widget__width-auto elementor-widget elementor-widget-heading\" data-id=\"5597f63\" data-element_type=\"widget\" data-widget_type=\"heading.default\">\n\t\t\t\t\t<h2 class=\"elementor-heading-title elementor-size-default\">\u00bfQUIERES COLABORAR?<\/h2>\t\t\t\t<\/div>\n\t\t\t\t\t<\/div>\n\t\t\t\t<\/div>\n\t\t<div class=\"elementor-element elementor-element-e032604 e-flex e-con-boxed e-con e-parent\" data-id=\"e032604\" data-element_type=\"container\" data-settings=\"{&quot;background_background&quot;:&quot;classic&quot;}\">\n\t\t\t\t\t<div class=\"e-con-inner\">\n\t\t\t\t<div class=\"elementor-element elementor-element-39f92c9 elementor-widget elementor-widget-heading\" data-id=\"39f92c9\" data-element_type=\"widget\" data-widget_type=\"heading.default\">\n\t\t\t\t\t<h2 class=\"elementor-heading-title elementor-size-default\">Te dejamos varias herramientas para que puedas realizar tu donaci\u00f3n<\/h2>\t\t\t\t<\/div>\n\t\t\t\t\t<\/div>\n\t\t\t\t<\/div>\n\t\t<div class=\"elementor-element elementor-element-3597a3e e-flex e-con-boxed e-con e-parent\" data-id=\"3597a3e\" data-element_type=\"container\" data-settings=\"{&quot;background_background&quot;:&quot;classic&quot;}\">\n\t\t\t\t\t<div class=\"e-con-inner\">\n\t\t\t\t<div class=\"elementor-element elementor-element-b07be79 e-n-tabs-mobile elementor-widget elementor-widget-n-tabs\" data-id=\"b07be79\" data-element_type=\"widget\" data-settings=\"{&quot;tabs_justify_horizontal&quot;:&quot;start&quot;,&quot;horizontal_scroll&quot;:&quot;disable&quot;}\" data-widget_type=\"nested-tabs.default\">\n\t\t\t\t\t\t\t<div class=\"e-n-tabs\" data-widget-number=\"185056889\" aria-label=\"Pesta\u00f1as. Abre elementos con Intro o Espacio, ci\u00e9rralos con Escape y navega con las fechas.\">\n\t\t\t<div class=\"e-n-tabs-heading\" role=\"tablist\">\n\t\t\t\t\t<button id=\"e-n-tab-title-1850568891\" class=\"e-n-tab-title\" aria-selected=\"true\" data-tab-index=\"1\" role=\"tab\" tabindex=\"0\" aria-controls=\"e-n-tab-content-1850568891\" style=\"--n-tabs-title-order: 1;\">\n\t\t\t\t\t<span class=\"e-n-tab-icon\">\n\t\t\t<svg aria-hidden=\"true\" class=\"e-font-icon-svg e-fab-telegram-plane\" viewBox=\"0 0 448 512\" xmlns=\"http:\/\/www.w3.org\/2000\/svg\"><path d=\"M446.7 98.6l-67.6 318.8c-5.1 22.5-18.4 28.1-37.3 17.5l-103-75.9-49.7 47.8c-5.5 5.5-10.1 10.1-20.7 10.1l7.4-104.9 190.9-172.5c8.3-7.4-1.8-11.5-12.9-4.1L117.8 284 16.2 252.2c-22.1-6.9-22.5-22.1 4.6-32.7L418.2 66.4c18.4-6.9 34.5 4.1 28.5 32.2z\"><\/path><\/svg>\t\t\t<svg aria-hidden=\"true\" class=\"e-font-icon-svg e-fab-telegram-plane\" viewBox=\"0 0 448 512\" xmlns=\"http:\/\/www.w3.org\/2000\/svg\"><path d=\"M446.7 98.6l-67.6 318.8c-5.1 22.5-18.4 28.1-37.3 17.5l-103-75.9-49.7 47.8c-5.5 5.5-10.1 10.1-20.7 10.1l7.4-104.9 190.9-172.5c8.3-7.4-1.8-11.5-12.9-4.1L117.8 284 16.2 252.2c-22.1-6.9-22.5-22.1 4.6-32.7L418.2 66.4c18.4-6.9 34.5 4.1 28.5 32.2z\"><\/path><\/svg>\t\t<\/span>\n\t\t\t\t\t<span class=\"e-n-tab-title-text\">\n\t\t\t\tBizum\t\t\t<\/span>\n\t\t<\/button>\n\t\t\t\t<button id=\"e-n-tab-title-1850568892\" class=\"e-n-tab-title\" aria-selected=\"false\" data-tab-index=\"2\" role=\"tab\" tabindex=\"-1\" aria-controls=\"e-n-tab-content-1850568892\" style=\"--n-tabs-title-order: 2;\">\n\t\t\t\t\t<span class=\"e-n-tab-icon\">\n\t\t\t<svg aria-hidden=\"true\" class=\"e-font-icon-svg e-fab-cc-diners-club\" viewBox=\"0 0 576 512\" xmlns=\"http:\/\/www.w3.org\/2000\/svg\"><path d=\"M239.7 79.9c-96.9 0-175.8 78.6-175.8 175.8 0 96.9 78.9 175.8 175.8 175.8 97.2 0 175.8-78.9 175.8-175.8 0-97.2-78.6-175.8-175.8-175.8zm-39.9 279.6c-41.7-15.9-71.4-56.4-71.4-103.8s29.7-87.9 71.4-104.1v207.9zm79.8.3V151.6c41.7 16.2 71.4 56.7 71.4 104.1s-29.7 87.9-71.4 104.1zM528 32H48C21.5 32 0 53.5 0 80v352c0 26.5 21.5 48 48 48h480c26.5 0 48-21.5 48-48V80c0-26.5-21.5-48-48-48zM329.7 448h-90.3c-106.2 0-193.8-85.5-193.8-190.2C45.6 143.2 133.2 64 239.4 64h90.3c105 0 200.7 79.2 200.7 193.8 0 104.7-95.7 190.2-200.7 190.2z\"><\/path><\/svg>\t\t\t<svg aria-hidden=\"true\" class=\"e-font-icon-svg e-fab-cc-diners-club\" viewBox=\"0 0 576 512\" xmlns=\"http:\/\/www.w3.org\/2000\/svg\"><path d=\"M239.7 79.9c-96.9 0-175.8 78.6-175.8 175.8 0 96.9 78.9 175.8 175.8 175.8 97.2 0 175.8-78.9 175.8-175.8 0-97.2-78.6-175.8-175.8-175.8zm-39.9 279.6c-41.7-15.9-71.4-56.4-71.4-103.8s29.7-87.9 71.4-104.1v207.9zm79.8.3V151.6c41.7 16.2 71.4 56.7 71.4 104.1s-29.7 87.9-71.4 104.1zM528 32H48C21.5 32 0 53.5 0 80v352c0 26.5 21.5 48 48 48h480c26.5 0 48-21.5 48-48V80c0-26.5-21.5-48-48-48zM329.7 448h-90.3c-106.2 0-193.8-85.5-193.8-190.2C45.6 143.2 133.2 64 239.4 64h90.3c105 0 200.7 79.2 200.7 193.8 0 104.7-95.7 190.2-200.7 190.2z\"><\/path><\/svg>\t\t<\/span>\n\t\t\t\t\t<span class=\"e-n-tab-title-text\">\n\t\t\t\tTransferencia\t\t\t<\/span>\n\t\t<\/button>\n\t\t\t\t<button id=\"e-n-tab-title-1850568893\" class=\"e-n-tab-title\" aria-selected=\"false\" data-tab-index=\"3\" role=\"tab\" tabindex=\"-1\" aria-controls=\"e-n-tab-content-1850568893\" style=\"--n-tabs-title-order: 3;\">\n\t\t\t\t\t<span class=\"e-n-tab-icon\">\n\t\t\t<svg aria-hidden=\"true\" class=\"e-font-icon-svg e-fas-pen-nib\" viewBox=\"0 0 512 512\" xmlns=\"http:\/\/www.w3.org\/2000\/svg\"><path d=\"M136.6 138.79a64.003 64.003 0 0 0-43.31 41.35L0 460l14.69 14.69L164.8 324.58c-2.99-6.26-4.8-13.18-4.8-20.58 0-26.51 21.49-48 48-48s48 21.49 48 48-21.49 48-48 48c-7.4 0-14.32-1.81-20.58-4.8L37.31 497.31 52 512l279.86-93.29a64.003 64.003 0 0 0 41.35-43.31L416 224 288 96l-151.4 42.79zm361.34-64.62l-60.11-60.11c-18.75-18.75-49.16-18.75-67.91 0l-56.55 56.55 128.02 128.02 56.55-56.55c18.75-18.75 18.75-49.15 0-67.91z\"><\/path><\/svg>\t\t\t<svg aria-hidden=\"true\" class=\"e-font-icon-svg e-fas-pen-nib\" viewBox=\"0 0 512 512\" xmlns=\"http:\/\/www.w3.org\/2000\/svg\"><path d=\"M136.6 138.79a64.003 64.003 0 0 0-43.31 41.35L0 460l14.69 14.69L164.8 324.58c-2.99-6.26-4.8-13.18-4.8-20.58 0-26.51 21.49-48 48-48s48 21.49 48 48-21.49 48-48 48c-7.4 0-14.32-1.81-20.58-4.8L37.31 497.31 52 512l279.86-93.29a64.003 64.003 0 0 0 41.35-43.31L416 224 288 96l-151.4 42.79zm361.34-64.62l-60.11-60.11c-18.75-18.75-49.16-18.75-67.91 0l-56.55 56.55 128.02 128.02 56.55-56.55c18.75-18.75 18.75-49.15 0-67.91z\"><\/path><\/svg>\t\t<\/span>\n\t\t\t\t\t<span class=\"e-n-tab-title-text\">\n\t\t\t\tHazte Amig@\t\t\t<\/span>\n\t\t<\/button>\n\t\t\t\t\t<\/div>\n\t\t\t<div class=\"e-n-tabs-content\">\n\t\t\t\t<div id=\"e-n-tab-content-1850568891\" role=\"tabpanel\" aria-labelledby=\"e-n-tab-title-1850568891\" data-tab-index=\"1\" style=\"--n-tabs-title-order: 1;\" class=\"e-active elementor-element elementor-element-1991713 e-con-full e-flex e-con e-child\" data-id=\"1991713\" data-element_type=\"container\">\n\t\t<div class=\"elementor-element elementor-element-bbf5c32 e-flex e-con-boxed e-con e-child\" data-id=\"bbf5c32\" data-element_type=\"container\">\n\t\t\t\t\t<div class=\"e-con-inner\">\n\t\t\t\t<div class=\"elementor-element elementor-element-e8ea11a elementor-widget__width-initial elementor-widget elementor-widget-text-editor\" data-id=\"e8ea11a\" data-element_type=\"widget\" data-widget_type=\"text-editor.default\">\n\t\t\t\t\t\t\t\t\t<p style=\"text-align: left;\">Si ya utilizas Bizum en tu m\u00f3vil sigue estos sencillos pasos:<\/p><ol><li style=\"text-align: left;\">Acceder a la app bancaria en la que tengas Bizum activado<\/li><li style=\"text-align: left;\">Seleccionar la opci\u00f3n \u00abEnviar dinero\u00bb<\/li><li style=\"text-align: left;\">Escoger \u00abONG\u00bb<\/li><li style=\"text-align: left;\">Introduce nuestro c\u00f3digo: 01570<\/li><li style=\"text-align: left;\">Escribir el importe que quieres donar y en 5 segundos recibiremos tu contribuci\u00f3n<\/li><\/ol>\t\t\t\t\t\t\t\t<\/div>\n\t\t\t\t<div class=\"elementor-element elementor-element-e441f51 elementor-widget elementor-widget-image\" data-id=\"e441f51\" data-element_type=\"widget\" data-widget_type=\"image.default\">\n\t\t\t\t\t\t\t\t\t\t\t\t\t\t\t<img fetchpriority=\"high\" decoding=\"async\" width=\"770\" height=\"815\" src=\"https:\/\/www.latorredehortaleza.org\/Blog\/wp-content\/uploads\/2025\/11\/Imagen1.png\" class=\"attachment-large size-large wp-image-3408\" alt=\"\" srcset=\"https:\/\/www.latorredehortaleza.org\/Blog\/wp-content\/uploads\/2025\/11\/Imagen1.png 770w, https:\/\/www.latorredehortaleza.org\/Blog\/wp-content\/uploads\/2025\/11\/Imagen1-283x300.png 283w, https:\/\/www.latorredehortaleza.org\/Blog\/wp-content\/uploads\/2025\/11\/Imagen1-768x813.png 768w\" sizes=\"(max-width: 770px) 100vw, 770px\" \/>\t\t\t\t\t\t\t\t\t\t\t\t\t\t\t<\/div>\n\t\t\t\t\t<\/div>\n\t\t\t\t<\/div>\n\t\t\t\t<\/div>\n\t\t<div id=\"e-n-tab-content-1850568892\" role=\"tabpanel\" aria-labelledby=\"e-n-tab-title-1850568892\" data-tab-index=\"2\" style=\"--n-tabs-title-order: 2;\" class=\" elementor-element elementor-element-fd67bca e-con-full e-flex e-con e-child\" data-id=\"fd67bca\" data-element_type=\"container\">\n\t\t\t\t<div class=\"elementor-element elementor-element-650bcb6 elementor-widget__width-initial elementor-widget elementor-widget-text-editor\" data-id=\"650bcb6\" data-element_type=\"widget\" data-widget_type=\"text-editor.default\">\n\t\t\t\t\t\t\t\t\t<p>Si deseas ingresar una cantidad de manera PUNTUAL mediante transferencia bancaria puedes hacerlo en el siguiente n\u00famero de cuenta.<\/p><p>N\u00ba de Cuenta: ES08 2100 3581 2313 0003 2991<br \/>Titular de la Cuenta: Asociaci\u00f3n La Torre de Hortaleza<\/p><p>En caso de que quieras solicitar el certificado de donaciones, env\u00edanos un correo electr\u00f3nico a <span style=\"color: #000080;\"><a style=\"color: #000080;\" href=\"mailto:gerencia@latorredehortaleza.org\">gerencia@latorredehortaleza.org<\/a><\/span> para que podamos identificar tu donaci\u00f3n, con la siguiente informaci\u00f3n:<\/p><p>Nombre y apellidos<br \/>DNI<br \/>Direcci\u00f3n postal<br \/>Correo electr\u00f3nico<br \/>Importe donado<\/p>\t\t\t\t\t\t\t\t<\/div>\n\t\t\t\t<\/div>\n\t\t<div id=\"e-n-tab-content-1850568893\" role=\"tabpanel\" aria-labelledby=\"e-n-tab-title-1850568893\" data-tab-index=\"3\" style=\"--n-tabs-title-order: 3;\" class=\" elementor-element elementor-element-ca1e745 e-con-full e-flex e-con e-child\" data-id=\"ca1e745\" data-element_type=\"container\">\n\t\t\t\t<div class=\"elementor-element elementor-element-8b551a5 elementor-widget__width-initial elementor-widget elementor-widget-text-editor\" data-id=\"8b551a5\" data-element_type=\"widget\" data-widget_type=\"text-editor.default\">\n\t\t\t\t\t\t\t\t\t<p><span class=\"selectable-text copyable-text xkrh14z\">Si quieres que nos pongamos en contacto contigo para colaborar de forma PERI\u00d3DICA, puedes descargarte el impreso <span style=\"color: #000080;\"><a style=\"color: #000080;\" href=\"https:\/\/www.latorredehortaleza.org\/Blog\/wp-content\/uploads\/2025\/11\/Solicitud-Amigos-2025.pdf\" target=\"_blank\" rel=\"noopener\">AQU\u00cd<\/a> <\/span>o rellenar el siguiente formulario<\/span><\/p>\t\t\t\t\t\t\t\t<\/div>\n\t\t\t\t<\/div>\n\t\t\t\t\t<\/div>\n\t\t<\/div>\n\t\t\t\t\t\t<\/div>\n\t\t\t\t\t<\/div>\n\t\t\t\t<\/div>\n\t\t\t\t<\/div>\n\t\t","protected":false},"excerpt":{"rendered":"<p>COLABORA \u00bfQUIERES COLABORAR? Te dejamos varias herramientas para que puedas realizar tu donaci\u00f3n Bizum Transferencia Hazte Amig@ Si ya utilizas Bizum en tu m\u00f3vil sigue estos sencillos pasos: Acceder a la app bancaria en la que tengas Bizum activado Seleccionar la opci\u00f3n \u00abEnviar dinero\u00bb Escoger \u00abONG\u00bb Introduce nuestro c\u00f3digo: 01570 Escribir el importe que quieres [&hellip;]<\/p>\n","protected":false},"author":1,"featured_media":0,"parent":0,"menu_order":0,"comment_status":"closed","ping_status":"closed","template":"","meta":{"footnotes":""},"class_list":["post-3383","page","type-page","status-publish","hentry"],"_links":{"self":[{"href":"https:\/\/www.latorredehortaleza.org\/Blog\/index.php?rest_route=\/wp\/v2\/pages\/3383","targetHints":{"allow":["GET"]}}],"collection":[{"href":"https:\/\/www.latorredehortaleza.org\/Blog\/index.php?rest_route=\/wp\/v2\/pages"}],"about":[{"href":"https:\/\/www.latorredehortaleza.org\/Blog\/index.php?rest_route=\/wp\/v2\/types\/page"}],"author":[{"embeddable":true,"href":"https:\/\/www.latorredehortaleza.org\/Blog\/index.php?rest_route=\/wp\/v2\/users\/1"}],"replies":[{"embeddable":true,"href":"https:\/\/www.latorredehortaleza.org\/Blog\/index.php?rest_route=%2Fwp%2Fv2%2Fcomments&post=3383"}],"version-history":[{"count":58,"href":"https:\/\/www.latorredehortaleza.org\/Blog\/index.php?rest_route=\/wp\/v2\/pages\/3383\/revisions"}],"predecessor-version":[{"id":3538,"href":"https:\/\/www.latorredehortaleza.org\/Blog\/index.php?rest_route=\/wp\/v2\/pages\/3383\/revisions\/3538"}],"wp:attachment":[{"href":"https:\/\/www.latorredehortaleza.org\/Blog\/index.php?rest_route=%2Fwp%2Fv2%2Fmedia&parent=3383"}],"curies":[{"name":"wp","href":"https:\/\/api.w.org\/{rel}","templated":true}]}}