{"id":2251,"date":"2025-07-04T12:07:56","date_gmt":"2025-07-04T10:07:56","guid":{"rendered":"https:\/\/prueba.latorredehortaleza.org\/?page_id=2251"},"modified":"2025-07-04T12:55:35","modified_gmt":"2025-07-04T10:55:35","slug":"politica-de-cookies","status":"publish","type":"page","link":"https:\/\/www.latorredehortaleza.org\/Blog\/?page_id=2251","title":{"rendered":"Pol\u00edtica de Cookies"},"content":{"rendered":"\t\t<div data-elementor-type=\"wp-page\" data-elementor-id=\"2251\" class=\"elementor elementor-2251\" data-elementor-post-type=\"page\">\n\t\t\t\t<div class=\"elementor-element elementor-element-a63cdee e-con-full e-flex e-con e-child\" data-id=\"a63cdee\" data-element_type=\"container\" data-settings=\"{&quot;background_background&quot;:&quot;classic&quot;}\">\n\t\t\t\t<\/div>\n\t\t<div class=\"elementor-element elementor-element-5694583 e-flex e-con-boxed e-con e-parent\" data-id=\"5694583\" data-element_type=\"container\" data-settings=\"{&quot;background_background&quot;:&quot;classic&quot;}\">\n\t\t\t\t\t<div class=\"e-con-inner\">\n\t\t\t\t<div class=\"elementor-element elementor-element-b551c81 elementor-widget__width-auto elementor-widget elementor-widget-heading\" data-id=\"b551c81\" data-element_type=\"widget\" data-widget_type=\"heading.default\">\n\t\t\t\t\t<h2 class=\"elementor-heading-title elementor-size-default\">POL\u00cdTICA DE COOKIES<\/h2>\t\t\t\t<\/div>\n\t\t\t\t\t<\/div>\n\t\t\t\t<\/div>\n\t\t<div class=\"elementor-element elementor-element-210354d e-flex e-con-boxed e-con e-parent\" data-id=\"210354d\" data-element_type=\"container\" data-settings=\"{&quot;background_background&quot;:&quot;classic&quot;,&quot;shape_divider_top&quot;:&quot;triangle-asymmetrical&quot;,&quot;shape_divider_top_negative&quot;:&quot;yes&quot;,&quot;shape_divider_bottom&quot;:&quot;triangle&quot;,&quot;shape_divider_bottom_negative&quot;:&quot;yes&quot;}\">\n\t\t\t\t\t<div class=\"e-con-inner\">\n\t\t\t\t<div class=\"elementor-shape elementor-shape-top\" aria-hidden=\"true\" data-negative=\"true\">\n\t\t\t<svg xmlns=\"http:\/\/www.w3.org\/2000\/svg\" viewBox=\"0 0 1000 100\" preserveAspectRatio=\"none\">\n\t<path class=\"elementor-shape-fill\" d=\"M737.9,94.7L0,0v100h1000V0L737.9,94.7z\"\/>\n<\/svg>\t\t<\/div>\n\t\t\t\t<div class=\"elementor-shape elementor-shape-bottom\" aria-hidden=\"true\" data-negative=\"true\">\n\t\t\t<svg xmlns=\"http:\/\/www.w3.org\/2000\/svg\" viewBox=\"0 0 1000 100\" preserveAspectRatio=\"none\">\n\t<path class=\"elementor-shape-fill\" d=\"M500.2,94.7L0,0v100h1000V0L500.2,94.7z\"\/>\n<\/svg>\t\t<\/div>\n\t\t\t\t<div class=\"elementor-element elementor-element-e9d74e6 elementor-widget elementor-widget-text-editor\" data-id=\"e9d74e6\" data-element_type=\"widget\" data-widget_type=\"text-editor.default\">\n\t\t\t\t\t\t\t\t\t<p>Asociaci\u00f3n La Torre de Hortaleza informa acerca del uso de las cookies en su p\u00e1gina web: <a href=\"http:\/\/www.latorredehortaleza.org\" target=\"_blank\" rel=\"noopener\"><span style=\"color: #000080;\">www.latorredehortaleza.org<\/span><\/a><\/p><p>En cumplimiento con lo dispuesto en el art\u00edculo 22.2 de la Ley 34\/2002, de Servicios de la Sociedad de la Informaci\u00f3n y del Comercio Electr\u00f3nico (LSSI-CE), informamos a los usuarios que este sitio web utiliza cookies.<\/p><h3 data-start=\"230\" data-end=\"257\">\ud83c\udf6a <strong>\u00bfQu\u00e9 son las cookies?<\/strong><\/h3><p data-start=\"259\" data-end=\"527\">Las cookies son peque\u00f1os archivos que se almacenan en el dispositivo del usuario al visitar un sitio web. Su funci\u00f3n principal es recordar informaci\u00f3n sobre la visita del usuario, permitiendo mejorar la experiencia de navegaci\u00f3n y ofrecer servicios m\u00e1s personalizados.<\/p><p data-start=\"529\" data-end=\"551\">Permiten, por ejemplo:<\/p><ul data-start=\"552\" data-end=\"725\"><li data-start=\"552\" data-end=\"585\"><p data-start=\"554\" data-end=\"585\">Guardar preferencias de idioma.<\/p><\/li><li data-start=\"586\" data-end=\"629\"><p data-start=\"588\" data-end=\"629\">Analizar el comportamiento de navegaci\u00f3n.<\/p><\/li><li data-start=\"630\" data-end=\"673\"><p data-start=\"632\" data-end=\"673\">Mostrar contenidos o publicidad adaptada.<\/p><\/li><li data-start=\"674\" data-end=\"725\"><p data-start=\"676\" data-end=\"725\">Facilitar compartir contenidos en redes sociales.<\/p><\/li><\/ul><hr data-start=\"727\" data-end=\"730\" \/><h3 data-start=\"732\" data-end=\"765\">\ud83d\udcc2 <strong>Tipos de cookies utilizadas<\/strong><\/h3><h6 data-start=\"767\" data-end=\"799\">\ud83d\udd38 Seg\u00fan qui\u00e9n las gestione:<\/h6><ul data-start=\"800\" data-end=\"959\"><li data-start=\"800\" data-end=\"865\"><p data-start=\"802\" data-end=\"865\"><strong data-start=\"802\" data-end=\"821\">Cookies propias<\/strong>: Son gestionadas directamente por esta web.<\/p><\/li><li data-start=\"866\" data-end=\"959\"><p data-start=\"868\" data-end=\"959\"><strong data-start=\"868\" data-end=\"891\">Cookies de terceros<\/strong>: Son gestionadas por otras entidades (como Google, Facebook, etc.).<\/p><\/li><\/ul><h6 data-start=\"961\" data-end=\"1007\">\ud83d\udd38 Seg\u00fan el tiempo que permanecen activas:<\/h6><ul data-start=\"1008\" data-end=\"1150\"><li data-start=\"1008\" data-end=\"1068\"><p data-start=\"1010\" data-end=\"1068\"><strong data-start=\"1010\" data-end=\"1031\">Cookies de sesi\u00f3n<\/strong>: Se eliminan al cerrar el navegador.<\/p><\/li><li data-start=\"1069\" data-end=\"1150\"><p data-start=\"1071\" data-end=\"1150\"><strong data-start=\"1071\" data-end=\"1095\">Cookies persistentes<\/strong>: Permanecen almacenadas durante un tiempo determinado.<\/p><\/li><\/ul><h6 data-start=\"1152\" data-end=\"1178\">\ud83d\udd38 Seg\u00fan su finalidad:<\/h6><ul data-start=\"1179\" data-end=\"1692\"><li data-start=\"1179\" data-end=\"1254\"><p data-start=\"1181\" data-end=\"1254\"><strong data-start=\"1181\" data-end=\"1201\">Cookies t\u00e9cnicas<\/strong>: Necesarias para el funcionamiento b\u00e1sico de la web.<\/p><\/li><li data-start=\"1255\" data-end=\"1341\"><p data-start=\"1257\" data-end=\"1341\"><strong data-start=\"1257\" data-end=\"1287\">Cookies de personalizaci\u00f3n<\/strong>: Adaptan el contenido al idioma o regi\u00f3n del usuario.<\/p><\/li><li data-start=\"1342\" data-end=\"1435\"><p data-start=\"1344\" data-end=\"1435\"><strong data-start=\"1344\" data-end=\"1367\">Cookies de an\u00e1lisis<\/strong>: Permiten estudiar c\u00f3mo navegan los usuarios para mejorar el sitio.<\/p><\/li><li data-start=\"1436\" data-end=\"1502\"><p data-start=\"1438\" data-end=\"1502\"><strong data-start=\"1438\" data-end=\"1463\">Cookies publicitarias<\/strong>: Gestionan los espacios publicitarios.<\/p><\/li><li data-start=\"1503\" data-end=\"1602\"><p data-start=\"1505\" data-end=\"1602\"><strong data-start=\"1505\" data-end=\"1545\">Cookies de publicidad comportamental<\/strong>: Muestran anuncios basados en la navegaci\u00f3n del usuario.<\/p><\/li><li data-start=\"1603\" data-end=\"1692\"><p data-start=\"1605\" data-end=\"1692\"><strong data-start=\"1605\" data-end=\"1634\">Cookies de redes sociales<\/strong>: Permiten compartir contenidos directamente desde la web.<\/p><\/li><\/ul><hr data-start=\"1694\" data-end=\"1697\" \/><h3 data-start=\"1699\" data-end=\"1735\">\ud83e\uddfe <strong>\u00bfQu\u00e9 cookies utiliza esta web?<\/strong><\/h3><p data-start=\"1737\" data-end=\"1784\">Esta web puede utilizar las siguientes cookies:<\/p><h6 data-start=\"1786\" data-end=\"1804\"><strong data-start=\"1791\" data-end=\"1802\">\ud83d\udccc SSID<\/strong><\/h6><p data-start=\"1805\" data-end=\"1978\"><strong data-start=\"1805\" data-end=\"1818\">Duraci\u00f3n:<\/strong> 2 a\u00f1os<br data-start=\"1825\" data-end=\"1828\" \/><strong data-start=\"1828\" data-end=\"1837\">Tipo:<\/strong> Tercero (Google)<br data-start=\"1854\" data-end=\"1857\" \/><strong data-start=\"1857\" data-end=\"1871\">Finalidad:<\/strong> Anal\u00edtica<br data-start=\"1881\" data-end=\"1884\" \/><strong data-start=\"1884\" data-end=\"1900\">Descripci\u00f3n:<\/strong> Mejora la experiencia de usuario en servicios integrados como mapas o v\u00eddeos.<\/p><hr data-start=\"1980\" data-end=\"1983\" \/><h6 data-start=\"1985\" data-end=\"2003\"><strong data-start=\"1990\" data-end=\"2001\">\ud83d\udccc unam<\/strong><\/h6><p data-start=\"2004\" data-end=\"2170\"><strong data-start=\"2004\" data-end=\"2017\">Duraci\u00f3n:<\/strong> 9 meses<br data-start=\"2025\" data-end=\"2028\" \/><strong data-start=\"2028\" data-end=\"2037\">Tipo:<\/strong> Propia<br data-start=\"2044\" data-end=\"2047\" \/><strong data-start=\"2047\" data-end=\"2061\">Finalidad:<\/strong> Anal\u00edtica<br data-start=\"2071\" data-end=\"2074\" \/><strong data-start=\"2074\" data-end=\"2090\">Descripci\u00f3n:<\/strong> Genera un ID para analizar navegaci\u00f3n y compartir contenido mediante ShareThis.<\/p><hr data-start=\"2172\" data-end=\"2175\" \/><h6 data-start=\"2177\" data-end=\"2195\"><strong data-start=\"2182\" data-end=\"2193\">\ud83d\udccc datr<\/strong><\/h6><p data-start=\"2196\" data-end=\"2378\"><strong data-start=\"2196\" data-end=\"2209\">Duraci\u00f3n:<\/strong> 2 a\u00f1os<br data-start=\"2216\" data-end=\"2219\" \/><strong data-start=\"2219\" data-end=\"2228\">Tipo:<\/strong> Tercero (Facebook)<br data-start=\"2247\" data-end=\"2250\" \/><strong data-start=\"2250\" data-end=\"2264\">Finalidad:<\/strong> Seguridad \/ Redes sociales<br data-start=\"2291\" data-end=\"2294\" \/><strong data-start=\"2294\" data-end=\"2310\">Descripci\u00f3n:<\/strong> Detecta accesos sospechosos en Facebook para evitar suplantaciones.<\/p><hr data-start=\"2380\" data-end=\"2383\" \/><h6 data-start=\"2385\" data-end=\"2403\"><strong data-start=\"2390\" data-end=\"2401\">\ud83d\udccc dats<\/strong><\/h6><p data-start=\"2404\" data-end=\"2552\"><strong data-start=\"2404\" data-end=\"2417\">Duraci\u00f3n:<\/strong> 5 meses<br data-start=\"2425\" data-end=\"2428\" \/><strong data-start=\"2428\" data-end=\"2437\">Tipo:<\/strong> Tercero (Facebook)<br data-start=\"2456\" data-end=\"2459\" \/><strong data-start=\"2459\" data-end=\"2473\">Finalidad:<\/strong> Redes sociales<br data-start=\"2488\" data-end=\"2491\" \/><strong data-start=\"2491\" data-end=\"2507\">Descripci\u00f3n:<\/strong> Soporte para funciones sociales de Facebook.<\/p><hr data-start=\"2554\" data-end=\"2557\" \/><h6 data-start=\"2559\" data-end=\"2575\"><strong data-start=\"2564\" data-end=\"2573\">\ud83d\udccc fr<\/strong><\/h6><p data-start=\"2576\" data-end=\"2751\"><strong data-start=\"2576\" data-end=\"2589\">Duraci\u00f3n:<\/strong> 3 meses<br data-start=\"2597\" data-end=\"2600\" \/><strong data-start=\"2600\" data-end=\"2609\">Tipo:<\/strong> Tercero (Facebook)<br data-start=\"2628\" data-end=\"2631\" \/><strong data-start=\"2631\" data-end=\"2645\">Finalidad:<\/strong> Publicidad comportamental<br data-start=\"2671\" data-end=\"2674\" \/><strong data-start=\"2674\" data-end=\"2690\">Descripci\u00f3n:<\/strong> Identifica al usuario para mostrar publicidad personalizada.<\/p><hr data-start=\"2753\" data-end=\"2756\" \/><h3 data-start=\"2758\" data-end=\"2800\">\u2699\ufe0f <strong>\u00bfC\u00f3mo desactivar o eliminar cookies?<\/strong><\/h3><p data-start=\"2802\" data-end=\"2876\">Puedes configurar tu navegador para permitir, bloquear o eliminar cookies:<\/p><ul data-start=\"2878\" data-end=\"3303\"><li data-start=\"2878\" data-end=\"2953\"><p data-start=\"2880\" data-end=\"2953\"><span style=\"color: #000080;\"><a class=\"\" style=\"color: #000080;\" href=\"https:\/\/support.google.com\/accounts\/answer\/61416?hl=es\" target=\"_new\" rel=\"noopener\" data-start=\"2880\" data-end=\"2951\">Google Chrome<\/a><\/span><\/p><\/li><li data-start=\"2954\" data-end=\"3061\"><p data-start=\"2956\" data-end=\"3061\"><span style=\"color: #000080;\"><a class=\"\" style=\"color: #000080;\" href=\"https:\/\/support.mozilla.org\/es\/kb\/impedir-que-los-sitios-web-guarden-sus-preferencia\" target=\"_new\" rel=\"noopener\" data-start=\"2956\" data-end=\"3059\">Mozilla Firefox<\/a><\/span><\/p><\/li><li data-start=\"3062\" data-end=\"3166\"><p data-start=\"3064\" data-end=\"3166\"><span style=\"color: #000080;\"><a class=\"\" style=\"color: #000080;\" href=\"http:\/\/windows.microsoft.com\/es-es\/windows-vista\/Block-or-allow-cookies\" target=\"_new\" rel=\"noopener\" data-start=\"3064\" data-end=\"3164\">Microsoft Edge \/ Explorer<\/a><\/span><\/p><\/li><li data-start=\"3167\" data-end=\"3239\"><p data-start=\"3169\" data-end=\"3239\"><span style=\"color: #000080;\"><a class=\"\" style=\"color: #000080;\" href=\"https:\/\/support.apple.com\/es-es\/guide\/safari\/sfri11471\/mac\" target=\"_new\" rel=\"noopener\" data-start=\"3169\" data-end=\"3237\">Safari<\/a><\/span><\/p><\/li><li data-start=\"3240\" data-end=\"3303\"><p data-start=\"3242\" data-end=\"3303\"><span style=\"color: #000080;\"><a class=\"\" style=\"color: #000080;\" href=\"http:\/\/help.opera.com\/Linux\/10.60\/es-ES\/cookies.html\" target=\"_new\" rel=\"noopener\" data-start=\"3242\" data-end=\"3303\">Opera<\/a><\/span><\/p><\/li><\/ul><p data-start=\"3305\" data-end=\"3369\">Tambi\u00e9n puedes gestionar cookies con herramientas externas como:<\/p><ul data-start=\"3370\" data-end=\"3472\"><li data-start=\"3370\" data-end=\"3409\"><p data-start=\"3372\" data-end=\"3409\"><span style=\"color: #000080;\"><a class=\"\" style=\"color: #000080;\" href=\"https:\/\/www.ghostery.com\/\" target=\"_new\" rel=\"noopener\" data-start=\"3372\" data-end=\"3409\">Ghostery<\/a><\/span><\/p><\/li><li data-start=\"3410\" data-end=\"3472\"><p data-start=\"3412\" data-end=\"3472\"><span style=\"color: #000080;\"><a class=\"\" style=\"color: #000080;\" href=\"https:\/\/www.youronlinechoices.com\/es\/\" target=\"_new\" rel=\"noopener\" data-start=\"3412\" data-end=\"3472\">Your Online Choices<\/a><\/span><\/p><\/li><\/ul><hr data-start=\"3474\" data-end=\"3477\" \/><h3 style=\"text-align: left;\" data-start=\"3479\" data-end=\"3520\">\u2705 <strong>Aceptaci\u00f3n de la pol\u00edtica de cookies<\/strong><\/h3><p data-start=\"3522\" data-end=\"3747\">Al acceder a este sitio web, se muestra un aviso que informa sobre el uso de cookies. Si contin\u00faas navegando, se entiende que aceptas su uso. Puedes cambiar la configuraci\u00f3n de cookies en cualquier momento desde tu navegador.<\/p>\t\t\t\t\t\t\t\t<\/div>\n\t\t\t\t\t<\/div>\n\t\t\t\t<\/div>\n\t\t\t\t<\/div>\n\t\t","protected":false},"excerpt":{"rendered":"<p>POL\u00cdTICA DE COOKIES Asociaci\u00f3n La Torre de Hortaleza informa acerca del uso de las cookies en su p\u00e1gina web: www.latorredehortaleza.org En cumplimiento con lo dispuesto en el art\u00edculo 22.2 de la Ley 34\/2002, de Servicios de la Sociedad de la Informaci\u00f3n y del Comercio Electr\u00f3nico (LSSI-CE), informamos a los usuarios que este sitio web utiliza [&hellip;]<\/p>\n","protected":false},"author":1,"featured_media":0,"parent":0,"menu_order":0,"comment_status":"closed","ping_status":"closed","template":"","meta":{"footnotes":""},"class_list":["post-2251","page","type-page","status-publish","hentry"],"_links":{"self":[{"href":"https:\/\/www.latorredehortaleza.org\/Blog\/index.php?rest_route=\/wp\/v2\/pages\/2251","targetHints":{"allow":["GET"]}}],"collection":[{"href":"https:\/\/www.latorredehortaleza.org\/Blog\/index.php?rest_route=\/wp\/v2\/pages"}],"about":[{"href":"https:\/\/www.latorredehortaleza.org\/Blog\/index.php?rest_route=\/wp\/v2\/types\/page"}],"author":[{"embeddable":true,"href":"https:\/\/www.latorredehortaleza.org\/Blog\/index.php?rest_route=\/wp\/v2\/users\/1"}],"replies":[{"embeddable":true,"href":"https:\/\/www.latorredehortaleza.org\/Blog\/index.php?rest_route=%2Fwp%2Fv2%2Fcomments&post=2251"}],"version-history":[{"count":37,"href":"https:\/\/www.latorredehortaleza.org\/Blog\/index.php?rest_route=\/wp\/v2\/pages\/2251\/revisions"}],"predecessor-version":[{"id":2334,"href":"https:\/\/www.latorredehortaleza.org\/Blog\/index.php?rest_route=\/wp\/v2\/pages\/2251\/revisions\/2334"}],"wp:attachment":[{"href":"https:\/\/www.latorredehortaleza.org\/Blog\/index.php?rest_route=%2Fwp%2Fv2%2Fmedia&parent=2251"}],"curies":[{"name":"wp","href":"https:\/\/api.w.org\/{rel}","templated":true}]}}