{"id":2242,"date":"2025-07-04T12:00:31","date_gmt":"2025-07-04T10:00:31","guid":{"rendered":"https:\/\/prueba.latorredehortaleza.org\/?page_id=2242"},"modified":"2025-09-11T10:55:27","modified_gmt":"2025-09-11T08:55:27","slug":"aviso-legal","status":"publish","type":"page","link":"https:\/\/www.latorredehortaleza.org\/Blog\/?page_id=2242","title":{"rendered":"Aviso Legal"},"content":{"rendered":"\t\t<div data-elementor-type=\"wp-page\" data-elementor-id=\"2242\" class=\"elementor elementor-2242\" data-elementor-post-type=\"page\">\n\t\t\t\t<div class=\"elementor-element elementor-element-e0ca710 e-con-full e-flex e-con e-child\" data-id=\"e0ca710\" data-element_type=\"container\" data-settings=\"{&quot;background_background&quot;:&quot;classic&quot;}\">\n\t\t\t\t<\/div>\n\t\t<div class=\"elementor-element elementor-element-a5caea7 e-flex e-con-boxed e-con e-parent\" data-id=\"a5caea7\" data-element_type=\"container\" data-settings=\"{&quot;background_background&quot;:&quot;classic&quot;}\">\n\t\t\t\t\t<div class=\"e-con-inner\">\n\t\t\t\t<div class=\"elementor-element elementor-element-f3c499f elementor-widget__width-auto elementor-widget elementor-widget-heading\" data-id=\"f3c499f\" data-element_type=\"widget\" data-widget_type=\"heading.default\">\n\t\t\t\t\t<h2 class=\"elementor-heading-title elementor-size-default\">AVISO LEGAL<\/h2>\t\t\t\t<\/div>\n\t\t\t\t\t<\/div>\n\t\t\t\t<\/div>\n\t\t<div class=\"elementor-element elementor-element-96d2e9d e-flex e-con-boxed e-con e-parent\" data-id=\"96d2e9d\" data-element_type=\"container\" data-settings=\"{&quot;background_background&quot;:&quot;classic&quot;,&quot;shape_divider_top&quot;:&quot;triangle-asymmetrical&quot;,&quot;shape_divider_top_negative&quot;:&quot;yes&quot;,&quot;shape_divider_bottom&quot;:&quot;triangle&quot;,&quot;shape_divider_bottom_negative&quot;:&quot;yes&quot;}\">\n\t\t\t\t\t<div class=\"e-con-inner\">\n\t\t\t\t<div class=\"elementor-shape elementor-shape-top\" aria-hidden=\"true\" data-negative=\"true\">\n\t\t\t<svg xmlns=\"http:\/\/www.w3.org\/2000\/svg\" viewBox=\"0 0 1000 100\" preserveAspectRatio=\"none\">\n\t<path class=\"elementor-shape-fill\" d=\"M737.9,94.7L0,0v100h1000V0L737.9,94.7z\"\/>\n<\/svg>\t\t<\/div>\n\t\t\t\t<div class=\"elementor-shape elementor-shape-bottom\" aria-hidden=\"true\" data-negative=\"true\">\n\t\t\t<svg xmlns=\"http:\/\/www.w3.org\/2000\/svg\" viewBox=\"0 0 1000 100\" preserveAspectRatio=\"none\">\n\t<path class=\"elementor-shape-fill\" d=\"M500.2,94.7L0,0v100h1000V0L500.2,94.7z\"\/>\n<\/svg>\t\t<\/div>\n\t\t\t\t<div class=\"elementor-element elementor-element-316a87c elementor-widget elementor-widget-text-editor\" data-id=\"316a87c\" data-element_type=\"widget\" data-widget_type=\"text-editor.default\">\n\t\t\t\t\t\t\t\t\t<p>En cumplimiento con el deber de informaci\u00f3n recogido en art\u00edculo 10 de la Ley 34\/2002, de 11 de julio, de Servicios de la Sociedad de la Informaci\u00f3n y del Comercio Electr\u00f3nico (LSSICE), el propietario de la web , le informa de lo siguiente:<\/p><ul><li>Denominaci\u00f3n social: Asociaci\u00f3n la Torre de Hortaleza<\/li><li>NIF: G83378828<\/li><li>Domicilio: Calle Uria, 23, 4\u00baD, 28033 &#8211; Madrid (Madrid)<\/li><\/ul><p>\u00a0<\/p><p>Con los l\u00edmites establecidos en la ley, Asociaci\u00f3n la Torre de Hortaleza no asume ninguna responsabilidad derivada de la falta de veracidad, integridad, actualizaci\u00f3n y precisi\u00f3n de los datos o informaciones que contienen sus p\u00e1ginas web.<\/p><p>Los contenidos e informaci\u00f3n no vinculan a Asociaci\u00f3n la Torre de Hortaleza ni constituyen opiniones, consejos o asesoramiento legal de ning\u00fan tipo pues se trata meramente de un servicio ofrecido con car\u00e1cter informativo y divulgativo.<\/p><p>Las p\u00e1ginas de Internet de Asociaci\u00f3n la Torre de Hortaleza pueden contener enlaces (links) a otras p\u00e1ginas de terceras partes que Asociaci\u00f3n la Torre de Hortaleza no puede controlar. Por lo tanto, Asociaci\u00f3n la Torre de Hortaleza no puede asumir responsabilidades por el contenido que pueda aparecer en p\u00e1ginas de terceros.<\/p><p>Los textos, im\u00e1genes, sonidos, animaciones, software y el resto de contenidos incluidos en este website son propiedad exclusiva de Asociaci\u00f3n la Torre de Hortaleza o sus licenciantes. Cualquier acto de transmisi\u00f3n, distribuci\u00f3n, cesi\u00f3n, reproducci\u00f3n, almacenamiento o comunicaci\u00f3n p\u00fablica total o parcial, deber\u00e1 contar con el consentimiento expreso de Asociaci\u00f3n la Torre de Hortaleza.<\/p><p>Asimismo, para acceder a algunos de los servicios que Asociaci\u00f3n la Torre de Hortaleza ofrece a trav\u00e9s del sitio web, deber\u00e1 proporcionar algunos datos de car\u00e1cter personal. En cumplimiento de lo establecido en el Reglamento (UE) 2016\/679 del Parlamento Europeo y del Consejo, de 27 de abril de 2016, relativo a la protecci\u00f3n de las personas f\u00edsicas en lo que respecta al tratamiento de datos personales y a la libre circulaci\u00f3n de estos datos le informamos que, mediante la cumplimentaci\u00f3n de los presentes formularios, sus datos personales quedar\u00e1n incorporados y ser\u00e1n tratados en los ficheros de Asociaci\u00f3n la Torre de Hortaleza con el fin de poderle prestar y ofrecer nuestros servicios as\u00ed como para informarle de las mejoras del sitio Web.<\/p><p>Le informamos tambi\u00e9n de que tendr\u00e1 la posibilidad en todo momento de ejercer los derechos de acceso, rectificaci\u00f3n, cancelaci\u00f3n, oposici\u00f3n, limitaci\u00f3n y portabilidad de sus datos de car\u00e1cter personal, de manera gratuita mediante email a: asociacion@latorredehortaleza.org o en la direcci\u00f3n: Calle Uria, 23, 4\u00baD, 28033 &#8211; Madrid (Madrid).<\/p><p>REV: 20.3009<\/p><p>\u00a0<\/p>\t\t\t\t\t\t\t\t<\/div>\n\t\t\t\t\t<\/div>\n\t\t\t\t<\/div>\n\t\t\t\t<\/div>\n\t\t","protected":false},"excerpt":{"rendered":"<p>AVISO LEGAL En cumplimiento con el deber de informaci\u00f3n recogido en art\u00edculo 10 de la Ley 34\/2002, de 11 de julio, de Servicios de la Sociedad de la Informaci\u00f3n y del Comercio Electr\u00f3nico (LSSICE), el propietario de la web , le informa de lo siguiente: Denominaci\u00f3n social: Asociaci\u00f3n la Torre de Hortaleza NIF: G83378828 Domicilio: [&hellip;]<\/p>\n","protected":false},"author":1,"featured_media":0,"parent":0,"menu_order":0,"comment_status":"closed","ping_status":"closed","template":"","meta":{"footnotes":""},"class_list":["post-2242","page","type-page","status-publish","hentry"],"_links":{"self":[{"href":"https:\/\/www.latorredehortaleza.org\/Blog\/index.php?rest_route=\/wp\/v2\/pages\/2242","targetHints":{"allow":["GET"]}}],"collection":[{"href":"https:\/\/www.latorredehortaleza.org\/Blog\/index.php?rest_route=\/wp\/v2\/pages"}],"about":[{"href":"https:\/\/www.latorredehortaleza.org\/Blog\/index.php?rest_route=\/wp\/v2\/types\/page"}],"author":[{"embeddable":true,"href":"https:\/\/www.latorredehortaleza.org\/Blog\/index.php?rest_route=\/wp\/v2\/users\/1"}],"replies":[{"embeddable":true,"href":"https:\/\/www.latorredehortaleza.org\/Blog\/index.php?rest_route=%2Fwp%2Fv2%2Fcomments&post=2242"}],"version-history":[{"count":28,"href":"https:\/\/www.latorredehortaleza.org\/Blog\/index.php?rest_route=\/wp\/v2\/pages\/2242\/revisions"}],"predecessor-version":[{"id":3335,"href":"https:\/\/www.latorredehortaleza.org\/Blog\/index.php?rest_route=\/wp\/v2\/pages\/2242\/revisions\/3335"}],"wp:attachment":[{"href":"https:\/\/www.latorredehortaleza.org\/Blog\/index.php?rest_route=%2Fwp%2Fv2%2Fmedia&parent=2242"}],"curies":[{"name":"wp","href":"https:\/\/api.w.org\/{rel}","templated":true}]}}